{"id":123,"date":"2026-03-04T11:09:23","date_gmt":"2026-03-04T11:09:23","guid":{"rendered":"https:\/\/veromardeluxe.com\/?post_type=product&#038;p=123"},"modified":"2026-03-18T09:47:14","modified_gmt":"2026-03-18T09:47:14","slug":"vino-sauvignon-blanc-d-o-la-mancha","status":"publish","type":"product","link":"https:\/\/veromardeluxe.com\/en\/product\/vino-sauvignon-blanc-d-o-la-mancha\/","title":{"rendered":"Vino Sauvignon Blanc D.O. La Mancha ( Caja de 6 Bot.)"},"content":{"rendered":"<div class=\"label variedad\">Variedad<\/div>\n<div><\/div>\n<div class=\"dato variedad\">100% Sauvignon blanc<\/div>\n<div class=\"label denominacion\">Denominaci\u00f3n de Origen<\/div>\n<div><\/div>\n<div class=\"dato denominacion\">D.O.LA MANCHA<\/div>\n<div class=\"label tipo\">Tipo<\/div>\n<div><\/div>\n<div class=\"dato tipo\">VINO BLANCO JOVEN ESPA\u00d1OL<\/div>\n<div class=\"label botella\">Botella<\/div>\n<div><\/div>\n<div class=\"dato botella\">Bordelesa Stylus Oscura<\/div>\n<div class=\"label corcho\">Corcho<\/div>\n<div><\/div>\n<div class=\"dato corcho\">Microgranulated<\/div>","protected":false},"excerpt":{"rendered":"<div class=\"caracteristica cosecha\">\n<div class=\"titulo\">Cosecha<\/div>\n<div class=\"texto\">Recolecci\u00f3n en el momento \u00f3ptimo de maduraci\u00f3n de las uvas.<\/div>\n<\/div>\n<div class=\"caracteristica vinificacion\">\n<div><\/div>\n<div class=\"titulo\">Vinificaci\u00f3n<\/div>\n<div class=\"texto\">Coupage de uvas blancas que da como resultado un vino que muestra la mezcla de una variedad espa\u00f1ola y otra francesa, dos zonas muy importantes en la vitivinicultura mundial. El mosto fermenta a temperatura controlada para obtener aromas m\u00e1s intensos.<\/div>\n<\/div>\n<div class=\"caracteristica cata\">\n<div><\/div>\n<div class=\"titulo\">Cata<\/div>\n<div class=\"texto\">Color amarillo p\u00e1lido y aspecto brillante y cristalino. Intensidad arom\u00e1tica afrutada que recuerda a la manzana verde y a frutas tropicales. Sensaci\u00f3n fresca en la entrada en boca y de gran finura. Perfecto equilibrio entre los sabores varietales. Final de boca largo y persistente.<\/div>\n<\/div>\n<div class=\"caracteristica maridaje\">\n<div><\/div>\n<div class=\"titulo\">Maridaje<\/div>\n<div class=\"texto\">Servir en torno a 8-10 C\u00ba. Se recomienda su maridaje con entrantes, ensaladas, quesos suaves, pescados y mariscos.<\/div>\n<\/div>\n<div class=\"caracteristica premios\">\n<div><\/div>\n<div class=\"titulo\">Premios<\/div>\n<div class=\"texto\">\n<p>BACCHUS 2016: MEDALLA DE PLATA, LOS GALANES SAUVIGNON BLANC-MACABEO 2016<\/p>\n<\/div>\n<\/div>","protected":false},"featured_media":124,"comment_status":"open","ping_status":"closed","template":"","meta":[],"product_brand":[24],"product_cat":[29],"product_tag":[26,32,25],"class_list":{"0":"post-123","1":"product","2":"type-product","3":"status-publish","4":"has-post-thumbnail","6":"product_brand-los-galanes","7":"product_cat-vino-blanco","8":"product_tag-la-mancha","9":"product_tag-sauvignon","10":"product_tag-vino-blanco","12":"first","13":"instock","14":"taxable","15":"shipping-taxable","16":"purchasable","17":"product-type-simple"},"_links":{"self":[{"href":"https:\/\/veromardeluxe.com\/en\/wp-json\/wp\/v2\/product\/123","targetHints":{"allow":["GET"]}}],"collection":[{"href":"https:\/\/veromardeluxe.com\/en\/wp-json\/wp\/v2\/product"}],"about":[{"href":"https:\/\/veromardeluxe.com\/en\/wp-json\/wp\/v2\/types\/product"}],"replies":[{"embeddable":true,"href":"https:\/\/veromardeluxe.com\/en\/wp-json\/wp\/v2\/comments?post=123"}],"wp:featuredmedia":[{"embeddable":true,"href":"https:\/\/veromardeluxe.com\/en\/wp-json\/wp\/v2\/media\/124"}],"wp:attachment":[{"href":"https:\/\/veromardeluxe.com\/en\/wp-json\/wp\/v2\/media?parent=123"}],"wp:term":[{"taxonomy":"product_brand","embeddable":true,"href":"https:\/\/veromardeluxe.com\/en\/wp-json\/wp\/v2\/product_brand?post=123"},{"taxonomy":"product_cat","embeddable":true,"href":"https:\/\/veromardeluxe.com\/en\/wp-json\/wp\/v2\/product_cat?post=123"},{"taxonomy":"product_tag","embeddable":true,"href":"https:\/\/veromardeluxe.com\/en\/wp-json\/wp\/v2\/product_tag?post=123"}],"curies":[{"name":"wp","href":"https:\/\/api.w.org\/{rel}","templated":true}]}}