{"id":200,"date":"2026-03-17T11:59:55","date_gmt":"2026-03-17T11:59:55","guid":{"rendered":"https:\/\/veromardeluxe.com\/?post_type=product&#038;p=200"},"modified":"2026-03-18T09:44:05","modified_gmt":"2026-03-18T09:44:05","slug":"vino-seleccion-tempranillo-d-o-la-mancha","status":"publish","type":"product","link":"https:\/\/veromardeluxe.com\/en\/product\/vino-seleccion-tempranillo-d-o-la-mancha\/","title":{"rendered":"Vino Seleccion. Tempranillo. D.O. La Mancha ( Caja de 6 Bot.)"},"content":{"rendered":"<div class=\"label variedad\">Variedad<\/div>\n<div class=\"dato variedad\">Tempranillo 100%<\/div>\n<div class=\"label graduacion\">Graduaci\u00f3n<\/div>\n<div class=\"dato graduacion\">13.5%<\/div>\n<div class=\"label denominacion\">Denominaci\u00f3n de Origen<\/div>\n<div class=\"dato denominacion\">D.O. La Mancha<\/div>\n<div class=\"label tipo\">Tipo<\/div>\n<div class=\"dato tipo\">VINO TINTO SELECCI\u00d3N ESPA\u00d1OL<\/div>\n<div class=\"label botella\">Botella<\/div>\n<div class=\"dato botella\">Vintage 296 Canela<\/div>\n<div class=\"label corcho\">Corcho<\/div>\n<div class=\"dato corcho\">Microgranulado<\/div>","protected":false},"excerpt":{"rendered":"<div class=\"caracteristica cosecha\">\n<div class=\"titulo\">Cosecha<\/div>\n<div class=\"texto\">Uvas meticulosamente seleccionadas y recolectadas a mano de vi\u00f1as aut\u00f3ctonas de secano, las m\u00e1s longevas &#8211; de m\u00e1s de 50 a\u00f1os de edad &#8211; y de calidad suprema, cultivadas de forma tradicional, y cuidadas tras generaciones con gran esmero.<\/div>\n<\/div>\n<div class=\"caracteristica vinificacion\">\n<div class=\"titulo\">Vinificaci\u00f3n<\/div>\n<div class=\"texto\">Ha realizado su Fermentaci\u00f3n Malol\u00e1ctica en barrica durante 2 semanas aportando al vino leves tonos de madera.<\/div>\n<\/div>\n<div class=\"caracteristica cata\">\n<div class=\"titulo\">Cata<\/div>\n<div class=\"texto\">Color rojo picota profundo con ligeros ribetes rosas. Complejo en nariz, con notas primarias, diversidad de especias y destellos de frutas rojas bien ensambladas. Elegante y equilibrado en el paladar, con un gran impacto inicial en boca. Sus taninos dulces y maduros le convierten en un vino domado, redondo, amplio, sabroso y persistente, denotando su gran personalidad.<\/div>\n<\/div>\n<div class=\"caracteristica maridaje\">\n<div class=\"titulo\">Maridaje<\/div>\n<div class=\"texto\">La temperatura ideal de consumo es de 16-18 C\u00ba. El maridaje se recomienda con quesos curados y embutidos, arroces, carnes ahumadas y carnes en salsa como ternera o carrillada.<\/div>\n<\/div>","protected":false},"featured_media":201,"comment_status":"open","ping_status":"closed","template":"","meta":[],"product_brand":[24],"product_cat":[28],"product_tag":[38],"class_list":{"0":"post-200","1":"product","2":"type-product","3":"status-publish","4":"has-post-thumbnail","6":"product_brand-los-galanes","7":"product_cat-vino-tinto","8":"product_tag-la-mancha-seleccion-tempranillo-vino","10":"first","11":"instock","12":"taxable","13":"shipping-taxable","14":"purchasable","15":"product-type-simple"},"_links":{"self":[{"href":"https:\/\/veromardeluxe.com\/en\/wp-json\/wp\/v2\/product\/200","targetHints":{"allow":["GET"]}}],"collection":[{"href":"https:\/\/veromardeluxe.com\/en\/wp-json\/wp\/v2\/product"}],"about":[{"href":"https:\/\/veromardeluxe.com\/en\/wp-json\/wp\/v2\/types\/product"}],"replies":[{"embeddable":true,"href":"https:\/\/veromardeluxe.com\/en\/wp-json\/wp\/v2\/comments?post=200"}],"wp:featuredmedia":[{"embeddable":true,"href":"https:\/\/veromardeluxe.com\/en\/wp-json\/wp\/v2\/media\/201"}],"wp:attachment":[{"href":"https:\/\/veromardeluxe.com\/en\/wp-json\/wp\/v2\/media?parent=200"}],"wp:term":[{"taxonomy":"product_brand","embeddable":true,"href":"https:\/\/veromardeluxe.com\/en\/wp-json\/wp\/v2\/product_brand?post=200"},{"taxonomy":"product_cat","embeddable":true,"href":"https:\/\/veromardeluxe.com\/en\/wp-json\/wp\/v2\/product_cat?post=200"},{"taxonomy":"product_tag","embeddable":true,"href":"https:\/\/veromardeluxe.com\/en\/wp-json\/wp\/v2\/product_tag?post=200"}],"curies":[{"name":"wp","href":"https:\/\/api.w.org\/{rel}","templated":true}]}}