{"id":203,"date":"2026-03-17T12:18:27","date_gmt":"2026-03-17T12:18:27","guid":{"rendered":"https:\/\/veromardeluxe.com\/?post_type=product&#038;p=203"},"modified":"2026-03-18T09:42:41","modified_gmt":"2026-03-18T09:42:41","slug":"vino-chardonnay-d-o-la-mancha","status":"publish","type":"product","link":"https:\/\/veromardeluxe.com\/en\/product\/vino-chardonnay-d-o-la-mancha\/","title":{"rendered":"Vino Chardonnay. D.O. La Mancha ( Caja de 6 Bot.)"},"content":{"rendered":"<div class=\"label variedad\">Variedad<\/div>\n<div class=\"dato variedad\">Chardonnay 100%<\/div>\n<div class=\"label denominacion\">Denominaci\u00f3n de Origen<\/div>\n<div class=\"dato denominacion\">D.O. LA MANCHA<\/div>\n<div class=\"label tipo\">Tipo<\/div>\n<div class=\"dato tipo\">VINO BLANCO TRADICIONAL ESPA\u00d1OL CON BARRICA<\/div>\n<div class=\"label botella\">Botella<\/div>\n<div class=\"dato botella\">Vintage 296 Canela<\/div>\n<div class=\"label corcho\">Corcho<\/div>\n<div class=\"dato corcho\">Microgranulado<\/div>","protected":false},"excerpt":{"rendered":"<div class=\"caracteristica cosecha\">\n<div class=\"titulo\">Cosecha<\/div>\n<div class=\"texto\">Uvas de madurez temprana recolectadas en su momento \u00f3ptimo.<\/div>\n<\/div>\n<div class=\"caracteristica vinificacion\">\n<div class=\"titulo\">Vinificaci\u00f3n<\/div>\n<div class=\"texto\">Fermentaci\u00f3n a temperatura controlada para obtener aromas m\u00e1s intensos.<\/div>\n<\/div>\n<div class=\"caracteristica envejecimiento\">\n<div class=\"titulo\">Envejecimiento<\/div>\n<div class=\"texto\">Un mes reposando en barrica.<\/div>\n<\/div>\n<div class=\"caracteristica cata\">\n<div class=\"titulo\">Cata<\/div>\n<div class=\"texto\">Vino de color dorado, limpio y brillante. Fina l\u00e1grima. Aromas a fruta madura con recuerdos a vainilla, miel y manteca. Ex\u00f3tico y frutal. A su apertura aparecen tonos ahumados. Paso untuoso y sabroso. Sensaci\u00f3n aterciopelada en boca. Final largo y persistente con interesantes notas retro-nasales tostadas y afrutadas con recuerdos a levadura.<\/div>\n<\/div>\n<div class=\"caracteristica maridaje\">\n<div class=\"titulo\">Maridaje<\/div>\n<div class=\"texto\">La temperatura ideal de servicio es 8-10 C\u00ba. El maridaje se recomienda con pescados de roca y marisco. En carnes lo podemos acompa\u00f1ar con aves de caza y carnes asadas. Perfecto con todo tipo de productos delicattessen.<\/div>\n<\/div>","protected":false},"featured_media":206,"comment_status":"open","ping_status":"closed","template":"","meta":[],"product_brand":[24],"product_cat":[29],"product_tag":[39],"class_list":{"0":"post-203","1":"product","2":"type-product","3":"status-publish","4":"has-post-thumbnail","6":"product_brand-los-galanes","7":"product_cat-vino-blanco","8":"product_tag-la-mancha-chardonnay-vino-blanco","10":"first","11":"instock","12":"taxable","13":"shipping-taxable","14":"purchasable","15":"product-type-simple"},"_links":{"self":[{"href":"https:\/\/veromardeluxe.com\/en\/wp-json\/wp\/v2\/product\/203","targetHints":{"allow":["GET"]}}],"collection":[{"href":"https:\/\/veromardeluxe.com\/en\/wp-json\/wp\/v2\/product"}],"about":[{"href":"https:\/\/veromardeluxe.com\/en\/wp-json\/wp\/v2\/types\/product"}],"replies":[{"embeddable":true,"href":"https:\/\/veromardeluxe.com\/en\/wp-json\/wp\/v2\/comments?post=203"}],"wp:featuredmedia":[{"embeddable":true,"href":"https:\/\/veromardeluxe.com\/en\/wp-json\/wp\/v2\/media\/206"}],"wp:attachment":[{"href":"https:\/\/veromardeluxe.com\/en\/wp-json\/wp\/v2\/media?parent=203"}],"wp:term":[{"taxonomy":"product_brand","embeddable":true,"href":"https:\/\/veromardeluxe.com\/en\/wp-json\/wp\/v2\/product_brand?post=203"},{"taxonomy":"product_cat","embeddable":true,"href":"https:\/\/veromardeluxe.com\/en\/wp-json\/wp\/v2\/product_cat?post=203"},{"taxonomy":"product_tag","embeddable":true,"href":"https:\/\/veromardeluxe.com\/en\/wp-json\/wp\/v2\/product_tag?post=203"}],"curies":[{"name":"wp","href":"https:\/\/api.w.org\/{rel}","templated":true}]}}