{"id":214,"date":"2026-03-18T09:58:42","date_gmt":"2026-03-18T09:58:42","guid":{"rendered":"https:\/\/veromardeluxe.com\/?post_type=product&#038;p=214"},"modified":"2026-03-18T13:59:53","modified_gmt":"2026-03-18T13:59:53","slug":"queso-manchego-querta-curado","status":"publish","type":"product","link":"https:\/\/veromardeluxe.com\/en\/product\/queso-manchego-querta-curado\/","title":{"rendered":"Queso Manchego Querta Curado"},"content":{"rendered":"<p>Queso de pasta prensada elaborado con leche pasteurizada de oveja de la raza<br \/>\nmanchega con una maduraci\u00f3n m\u00ednima de 120 d\u00edas y m\u00e1xima de 2 a\u00f1os.<\/p>\n<p>Queso curado de oveja elaborado con leche pasteurizada DOP Queso Manchego peso aproximado pieza 3 kg<\/p>","protected":false},"excerpt":{"rendered":"<p><strong>Proceso de elaboraci\u00f3n:<\/strong><br \/>\nRecogida y transporte de la leche hasta la f\u00e1brica. Trabajado en cubas calentando la<br \/>\nleche hasta su coagulaci\u00f3n. Desuerado y prensado de la cuajada en los moldes.<br \/>\nDesmoldeado y salado por inmersi\u00f3n en salmuera. Secado y maduraci\u00f3n en c\u00e1maras<br \/>\nbajo condiciones controladas.<\/p>\n<p><strong>Ingredientes:<\/strong><br \/>\nLeche de oveja manchega, sal, fermentos l\u00e1cticos, cuajo, conservador: E-252,<br \/>\nestabilizante: cloruro c\u00e1lcico.<\/p>\n<p><strong>Especificaciones organol\u00e9pticas:<\/strong><br \/>\nCorteza dura de color amarillo p\u00e1lido a marr\u00f3n y pasta firme y compacta con color<br \/>\nvariable desde blanco hasta marfil-amarillento. Sabor ligeramente \u00e1cido que se<br \/>\nincrementa con la curaci\u00f3n. Ojos peque\u00f1os y desigualmente repartidos.<\/p>\n<p><strong>Al\u00e9rgenos:<\/strong><br \/>\nLeche como materia prima \u00fanica en la fabricaci\u00f3n del queso.<\/p>","protected":false},"featured_media":221,"comment_status":"open","ping_status":"closed","template":"","meta":[],"product_brand":[44],"product_cat":[18],"product_tag":[47,46,48,45],"class_list":{"0":"post-214","1":"product","2":"type-product","3":"status-publish","4":"has-post-thumbnail","6":"product_brand-la-casota","7":"product_cat-quesos","8":"product_tag-curado","9":"product_tag-manchego","10":"product_tag-querta","11":"product_tag-queso","13":"first","14":"instock","15":"taxable","16":"shipping-taxable","17":"purchasable","18":"product-type-simple"},"_links":{"self":[{"href":"https:\/\/veromardeluxe.com\/en\/wp-json\/wp\/v2\/product\/214","targetHints":{"allow":["GET"]}}],"collection":[{"href":"https:\/\/veromardeluxe.com\/en\/wp-json\/wp\/v2\/product"}],"about":[{"href":"https:\/\/veromardeluxe.com\/en\/wp-json\/wp\/v2\/types\/product"}],"replies":[{"embeddable":true,"href":"https:\/\/veromardeluxe.com\/en\/wp-json\/wp\/v2\/comments?post=214"}],"wp:featuredmedia":[{"embeddable":true,"href":"https:\/\/veromardeluxe.com\/en\/wp-json\/wp\/v2\/media\/221"}],"wp:attachment":[{"href":"https:\/\/veromardeluxe.com\/en\/wp-json\/wp\/v2\/media?parent=214"}],"wp:term":[{"taxonomy":"product_brand","embeddable":true,"href":"https:\/\/veromardeluxe.com\/en\/wp-json\/wp\/v2\/product_brand?post=214"},{"taxonomy":"product_cat","embeddable":true,"href":"https:\/\/veromardeluxe.com\/en\/wp-json\/wp\/v2\/product_cat?post=214"},{"taxonomy":"product_tag","embeddable":true,"href":"https:\/\/veromardeluxe.com\/en\/wp-json\/wp\/v2\/product_tag?post=214"}],"curies":[{"name":"wp","href":"https:\/\/api.w.org\/{rel}","templated":true}]}}