{"id":229,"date":"2026-03-18T16:10:47","date_gmt":"2026-03-18T16:10:47","guid":{"rendered":"https:\/\/veromardeluxe.com\/?post_type=product&#038;p=229"},"modified":"2026-03-18T16:10:47","modified_gmt":"2026-03-18T16:10:47","slug":"queso-marantona-semicurado","status":"publish","type":"product","link":"https:\/\/veromardeluxe.com\/en\/product\/queso-marantona-semicurado\/","title":{"rendered":"Queso Marantona Semicurado"},"content":{"rendered":"<p>Queso de pasta prensada elaborado con leche de oveja de la raza manchega con una maduraci\u00f3n m\u00edima de 2 meses y m\u00e1xima de 4 meses.<\/p>\n<p>Peso 3kg<\/p>","protected":false},"excerpt":{"rendered":"<p><strong>Proceso de elaboraci\u00f3n<\/strong>: Recogida y transporte de la leche hasta f\u00e1brica. Trabajo en cubas calentando la leche entre 28\u00b0c y 32\u00b0c durante 30 a 60 minutos hasta su coagulaci\u00f3n. Desuerado y prensado de la cuajada en los moldes durante un tiempo m\u00edimo de 4 horas. Desmoldeado y salado por inmersi\u00f3n en salmuera. Secado y maduraci\u00f3n en c\u00e1maras bajo condiciones controladas.<\/p>\n<p><strong>Ingredientes<\/strong>: Leche de oveja manchega, sales antibut\u00e1ricas, cuajo y sal.<\/p>\n<p><strong>Especificaciones organol\u00e9pticas<\/strong>: Corteza dura de color amarillo p\u00e1lido a verdoso negruzco y pasta firme compacta con color variable desde blanco hasta marfil amarillento. Sabor ligeramente \u00e1cido que se incrementa con la curaci\u00f3n. Sensaci\u00f3n mantecosas con ojos peque\u00f1os y desigualmente repartidos.<\/p>\n<p><strong>Al\u00e9rgenos<\/strong>: Leche como materia prima \u00fanica en la fabricaci\u00f3n del queso.<\/p>","protected":false},"featured_media":232,"comment_status":"open","ping_status":"closed","template":"","meta":[],"product_brand":[44],"product_cat":[18],"product_tag":[46,45,49],"class_list":{"0":"post-229","1":"product","2":"type-product","3":"status-publish","4":"has-post-thumbnail","6":"product_brand-la-casota","7":"product_cat-quesos","8":"product_tag-manchego","9":"product_tag-queso","10":"product_tag-semicurado","12":"first","13":"instock","14":"taxable","15":"shipping-taxable","16":"purchasable","17":"product-type-simple"},"_links":{"self":[{"href":"https:\/\/veromardeluxe.com\/en\/wp-json\/wp\/v2\/product\/229","targetHints":{"allow":["GET"]}}],"collection":[{"href":"https:\/\/veromardeluxe.com\/en\/wp-json\/wp\/v2\/product"}],"about":[{"href":"https:\/\/veromardeluxe.com\/en\/wp-json\/wp\/v2\/types\/product"}],"replies":[{"embeddable":true,"href":"https:\/\/veromardeluxe.com\/en\/wp-json\/wp\/v2\/comments?post=229"}],"wp:featuredmedia":[{"embeddable":true,"href":"https:\/\/veromardeluxe.com\/en\/wp-json\/wp\/v2\/media\/232"}],"wp:attachment":[{"href":"https:\/\/veromardeluxe.com\/en\/wp-json\/wp\/v2\/media?parent=229"}],"wp:term":[{"taxonomy":"product_brand","embeddable":true,"href":"https:\/\/veromardeluxe.com\/en\/wp-json\/wp\/v2\/product_brand?post=229"},{"taxonomy":"product_cat","embeddable":true,"href":"https:\/\/veromardeluxe.com\/en\/wp-json\/wp\/v2\/product_cat?post=229"},{"taxonomy":"product_tag","embeddable":true,"href":"https:\/\/veromardeluxe.com\/en\/wp-json\/wp\/v2\/product_tag?post=229"}],"curies":[{"name":"wp","href":"https:\/\/api.w.org\/{rel}","templated":true}]}}