{"id":307,"date":"2026-03-19T14:58:15","date_gmt":"2026-03-19T14:58:15","guid":{"rendered":"https:\/\/veromardeluxe.com\/?post_type=product&#038;p=307"},"modified":"2026-03-19T15:00:35","modified_gmt":"2026-03-19T15:00:35","slug":"mermelada-tradicional-de-vino-tinto-150g","status":"publish","type":"product","link":"https:\/\/veromardeluxe.com\/en\/product\/mermelada-tradicional-de-vino-tinto-150g\/","title":{"rendered":"Mermelada Tradicional de Vino Tinto 150g"},"content":{"rendered":"<p>Descubre los aromas del vino en nuestra mermelada confeccionada con vino tinto Monastrell, de origen espa\u00f1ol. Maridaje\/ Ideal para acompa\u00f1ar carnes rojas, ib\u00e9ricos, pat\u00e9s o quesos con alto grado de curaci\u00f3n. Sin gluten. Peso 150gr<\/p>","protected":false},"excerpt":{"rendered":"<div class=\"mb-2\">\n<p class=\"f_t_base f_t_color f_t_paragraphSansRegular\">Hecho en Espa\u00f1a<\/p>\n<\/div>\n<div class=\"mb-2\">\n<p class=\"f_t_base f_t_color f_t_paragraphSansRegular\">Conservaci\u00f3n: De larga duraci\u00f3n<\/p>\n<\/div>\n<div class=\"mb-2\">\n<p class=\"f_t_base f_t_color f_t_paragraphSansRegular\">Contiene: Sulfitos<\/p>\n<\/div>\n<div class=\"mb-2\">\n<p class=\"f_t_base f_t_color f_t_paragraphSansRegular\">Ingredientes: Vino tinto (contiene sulfitos), az\u00facar, gelificante: pectina. Sin gluten. Preparado con 60g de fruta por 100g.<\/p>\n<\/div>\n<div class=\"mb-2\">\n<p class=\"f_t_base f_t_color f_t_paragraphSansRegular\">Peso: 150\u00a0g (5,29\u00a0oz)<\/p>\n<\/div>","protected":false},"featured_media":310,"comment_status":"open","ping_status":"closed","template":"","meta":[],"product_brand":[58],"product_cat":[57],"product_tag":[59,60,30],"class_list":{"0":"post-307","1":"product","2":"type-product","3":"status-publish","4":"has-post-thumbnail","6":"product_brand-faire","7":"product_cat-mermelada","8":"product_tag-mermelada","9":"product_tag-tradicional","10":"product_tag-vino-tinto","12":"first","13":"instock","14":"taxable","15":"shipping-taxable","16":"purchasable","17":"product-type-simple"},"_links":{"self":[{"href":"https:\/\/veromardeluxe.com\/en\/wp-json\/wp\/v2\/product\/307","targetHints":{"allow":["GET"]}}],"collection":[{"href":"https:\/\/veromardeluxe.com\/en\/wp-json\/wp\/v2\/product"}],"about":[{"href":"https:\/\/veromardeluxe.com\/en\/wp-json\/wp\/v2\/types\/product"}],"replies":[{"embeddable":true,"href":"https:\/\/veromardeluxe.com\/en\/wp-json\/wp\/v2\/comments?post=307"}],"wp:featuredmedia":[{"embeddable":true,"href":"https:\/\/veromardeluxe.com\/en\/wp-json\/wp\/v2\/media\/310"}],"wp:attachment":[{"href":"https:\/\/veromardeluxe.com\/en\/wp-json\/wp\/v2\/media?parent=307"}],"wp:term":[{"taxonomy":"product_brand","embeddable":true,"href":"https:\/\/veromardeluxe.com\/en\/wp-json\/wp\/v2\/product_brand?post=307"},{"taxonomy":"product_cat","embeddable":true,"href":"https:\/\/veromardeluxe.com\/en\/wp-json\/wp\/v2\/product_cat?post=307"},{"taxonomy":"product_tag","embeddable":true,"href":"https:\/\/veromardeluxe.com\/en\/wp-json\/wp\/v2\/product_tag?post=307"}],"curies":[{"name":"wp","href":"https:\/\/api.w.org\/{rel}","templated":true}]}}